{"id":2,"date":"2025-02-03T09:35:43","date_gmt":"2025-02-03T09:35:43","guid":{"rendered":"https:\/\/eos-associa.pt\/?page_id=2"},"modified":"2026-03-01T16:36:44","modified_gmt":"2026-03-01T16:36:44","slug":"sample-page","status":"publish","type":"page","link":"https:\/\/eos-associa.pt\/","title":{"rendered":"P\u00e1gina inicial"},"content":{"rendered":"\n<div class=\"gb-element-b2c74cee\">\n<div class=\"wp-block-cover alignfull is-light has-parallax has-aspect-ratio wp-duotone-blue-red\" style=\"padding-top:0;padding-bottom:0;aspect-ratio:16\/9;min-height:unset;\"><div role=\"img\" aria-label=\"Pexels rethaferguson 3810756\" class=\"wp-block-cover__image-background wp-image-33 has-parallax\" style=\"background-position:50% 50%;background-image:url(https:\/\/eos-associa.pt\/wp-content\/uploads\/2025\/03\/pexels-rethaferguson-3810756-1024x683.webp)\"><\/div><span aria-hidden=\"true\" class=\"wp-block-cover__background has-background-dim-0 has-background-dim\"><\/span><div class=\"wp-block-cover__inner-container is-layout-constrained wp-block-cover-is-layout-constrained\">\n<p class=\"gb-text gbp-section__text gb-text-b74439f1\">Despertar do conhecimento, for\u00e7a da uni\u00e3o e oportunidade constante de construir um futuro melhor. Boas-vindas \u00e0 Eos!<\/p>\n<\/div><\/div>\n<\/div>\n\n\n\n<div class=\"wp-block-group alignfull has-palette-color-6-background-color has-background is-layout-constrained wp-block-group-is-layout-constrained\" style=\"margin-top:0px;margin-bottom:0px\">\n<div class=\"gb-element-830d439b\">\n<h2 class=\"gb-text\">Porqu\u00ea Eos?<\/h2>\n\n\n\n<div class=\"gb-element-3bf944cf\">\n<div>\n<p class=\"has-palette-color-2-color has-text-color\" style=\"font-size:clamp(0.901em, 0.901rem + ((1vw - 0.2em) * 0.561), 1.35em);line-height:1.25\">A escolha do nome <strong>Eos<\/strong>, inspirado na deusa grega da madrugada e do renascimento di\u00e1rio da luz, reflete simbolicamente a nossa \u00e1rea de interven\u00e7\u00e3o: <strong>estudos<\/strong>, <strong>coopera\u00e7\u00e3o<\/strong> e <strong>desenvolvimento<\/strong>.<\/p>\n<\/div>\n\n\n\n<div><\/div>\n<\/div>\n\n\n\n<hr class=\"wp-block-separator has-text-color has-palette-color-1-color has-alpha-channel-opacity has-palette-color-1-background-color has-background\" style=\"margin-top:var(--wp--preset--spacing--50);margin-bottom:var(--wp--preset--spacing--50)\"\/>\n\n\n\n<div class=\"gb-element-7fb64b63\">\n<div>\n<h3 class=\"wp-block-heading has-medium-font-size\" style=\"line-height:1.2\">1. Estudos &#8211; O Despertar da Mente<\/h3>\n\n\n\n<p>Eos simboliza o in\u00edcio de um novo dia, um momento de despertar. Assim, associamos este conceito ao estudo, que \u00e9 tamb\u00e9m um processo de despertar intelectual. Tal como Eos traz a luz do sol, os estudos iluminam a mente, abrindo novos caminhos para o conhecimento e para a compreens\u00e3o do mundo.<\/p>\n<\/div>\n\n\n\n<div>\n<h3 class=\"wp-block-heading has-medium-font-size\">2. Coopera\u00e7\u00e3o &#8211; A Transi\u00e7\u00e3o Harmoniosa<\/h3>\n\n\n\n<p>Eos faz a liga\u00e7\u00e3o entre a noite e o dia, uma transi\u00e7\u00e3o suave e essencial. Este conceito inspira-nos a valorizar a coopera\u00e7\u00e3o, um elemento chave para o sucesso de qualquer grupo ou comunidade. Tal como Eos harmoniza o c\u00e9u ao trazer a luz, a colabora\u00e7\u00e3o permite-nos alcan\u00e7ar objetivos maiores de forma conjunta.<\/p>\n<\/div>\n\n\n\n<div>\n<h3 class=\"wp-block-heading has-medium-font-size\">3. Desenvolvimento &#8211; Um Novo Come\u00e7o<\/h3>\n\n\n\n<p>A chegada de Eos marca o in\u00edcio de cada dia, um lembrete de que todas as manh\u00e3s trazem novas oportunidades para crescer e evoluir. Este simbolismo reflete a nossa vis\u00e3o de desenvolvimento pessoal e social, que se constr\u00f3i atrav\u00e9s de ciclos cont\u00ednuos de aprendizagem, transforma\u00e7\u00e3o e progresso.<\/p>\n<\/div>\n<\/div>\n\n\n\n<hr class=\"wp-block-separator has-text-color has-palette-color-1-color has-alpha-channel-opacity has-palette-color-1-background-color has-background\" style=\"margin-top:var(--wp--preset--spacing--50);margin-bottom:var(--wp--preset--spacing--50)\"\/>\n\n\n\n<div class=\"gb-element-ee6b3284\">\n<div><\/div>\n\n\n\n<div>\n<p class=\"has-palette-color-2-color has-text-color\" style=\"font-size:clamp(0.901em, 0.901rem + ((1vw - 0.2em) * 0.561), 1.35em);line-height:1.25\">O nome <strong>Eos<\/strong> \u00e9, assim, um convite para abra\u00e7armos a luz do conhecimento, a for\u00e7a da uni\u00e3o e a oportunidade constante de criar um futuro melhor.<\/p>\n<\/div>\n<\/div>\n<\/div>\n<\/div>\n\n\n\n<section class=\"wp-block-group alignfull has-background is-layout-constrained wp-block-group-is-layout-constrained\" style=\"background-color:#d4cee5;margin-top:0;margin-bottom:0\">\n<div class=\"gbp-section gb-element-46568b2d\">\n<div class=\"gb-element-dcaae38c\">\n<div>\n<div class=\"gbp-section__inner\">\n<div class=\"gb-element-7adbad5c\">\n<h2 class=\"gb-text gbp-section__headline gb-text-77af723d\">Projetos<\/h2>\n<\/div>\n<\/div>\n\n\n\n<div class=\"gbp-section__inner gb-element-b099d72e\">\n<a href=\"https:\/\/eos-associa.pt\/index.php\/onlyfans-nova-face-exploracao-sexual-mulheres\/\"><img loading=\"lazy\" decoding=\"async\" width=\"768\" height=\"512\" class=\"gb-media-352bdc1f\" alt=\"Projeto EOS OnlyFans\" title=\"Projeto-eos-OnlyFans-1200x800\" src=\"https:\/\/eos-associa.pt\/wp-content\/uploads\/2026\/03\/Projeto-eos-OnlyFans-1200x800-1-768x512.webp\" srcset=\"https:\/\/eos-associa.pt\/wp-content\/uploads\/2026\/03\/Projeto-eos-OnlyFans-1200x800-1-768x512.webp 768w, https:\/\/eos-associa.pt\/wp-content\/uploads\/2026\/03\/Projeto-eos-OnlyFans-1200x800-1-300x200.webp 300w, https:\/\/eos-associa.pt\/wp-content\/uploads\/2026\/03\/Projeto-eos-OnlyFans-1200x800-1-1024x683.webp 1024w, https:\/\/eos-associa.pt\/wp-content\/uploads\/2026\/03\/Projeto-eos-OnlyFans-1200x800-1-24x16.webp 24w, https:\/\/eos-associa.pt\/wp-content\/uploads\/2026\/03\/Projeto-eos-OnlyFans-1200x800-1.webp 1200w\" sizes=\"auto, (max-width: 768px) 100vw, 768px\" \/><\/a>\n<\/div>\n<\/div>\n\n\n\n<div>\n<div class=\"gbp-section__inner\">\n<div class=\"gb-element-33b10408\">\n<h2 class=\"gb-text gbp-section__headline gb-text-0215186b\">Not\u00edcias<\/h2>\n<\/div>\n<\/div>\n\n\n\n<div class=\"gbp-section__inner gb-element-30b726af\">\n<div><ul class=\"gbp-list--unstyled gb-looper-240e2b28\">\n<li class=\"gb-loop-item post-162 post type-post status-publish format-standard has-post-thumbnail hentry category-onlyfans category-projetos\">\n<article class=\"gb-element-4887219d\">\n<div class=\"gb-element-558684da\">\n<h2 class=\"gb-text gbp-card__title gb-text-ca8891c2\"><a href=\"https:\/\/eos-associa.pt\/index.php\/2026\/03\/01\/arranque-projeto-onlyfans-nova-face-exploracao-sexual-mulheres\/\">Arranque do projeto \u201cOnlyFans e a nova face da explora\u00e7\u00e3o sexual das mulheres\u201d<\/a><\/h2>\n<\/div>\n\n\n\n<img loading=\"lazy\" decoding=\"async\" width=\"150\" height=\"150\" alt=\"Artigo arranque projeto OnlyFans\" data-media-id=\"163\" class=\"gb-media-98cd3ca4\" src=\"https:\/\/eos-associa.pt\/wp-content\/uploads\/2026\/03\/Artigo-arranque-projeto-OnlyFans-1200x800-1-150x150.webp\"\/>\n<\/article>\n<\/li>\n<\/ul><\/div>\n<\/div>\n<\/div>\n<\/div>\n<\/div>\n<\/section>\n\n\n\n<div class=\"wp-block-group alignfull has-palette-color-2-background-color has-background is-layout-constrained wp-block-group-is-layout-constrained\" style=\"margin-top:0px;margin-bottom:0px;padding-top:0px;padding-bottom:0px\">\n<div class=\"gb-element-0d55151d\">\n<h2 class=\"gb-text gb-text-24c89646\"><strong>As pessoas que por aqui passaram nalgum momento da vida associativa<\/strong><\/h2>\n\n\n\n<div class=\"gb-element-bc812da5\">\n<div class=\"gb-element-e1c552e9\">\n<ul class=\"wp-block-list has-palette-color-7-color has-text-color has-link-color wp-elements-2cfc3c7f2aa01aa0a041c1498a738235\">\n<li class=\"has-palette-color-8-color has-text-color has-link-color wp-elements-7bcb3db7237f731440227f1d96b0333d\">Alexandra Silva<\/li>\n\n\n\n<li>Ana Coucello<\/li>\n\n\n\n<li>Ant\u00f3nio Rebelo<\/li>\n\n\n\n<li>Carla Neves<\/li>\n\n\n\n<li>Carolina de Albuquerque<\/li>\n\n\n\n<li class=\"has-palette-color-8-color has-text-color has-link-color wp-elements-829999afd4edcef8546a1480ddea4453\">Isabel Rom\u00e3o<\/li>\n<\/ul>\n<\/div>\n\n\n\n<div class=\"gb-element-2cb48ad6\">\n<ul class=\"wp-block-list has-palette-color-7-color has-text-color has-link-color wp-elements-63790a3fdcfb3cd3b35965fb6cfa8eb1\">\n<li class=\"has-palette-color-8-color has-text-color has-link-color wp-elements-aef63f63c4c6f12f4e5d94b23101005b\">M\u00e1rio Costa<\/li>\n\n\n\n<li>Marta Costa<\/li>\n\n\n\n<li>M\u00f3nica Pinto<\/li>\n\n\n\n<li>N\u00e9lia Ramos<\/li>\n\n\n\n<li>Odete Fiuza<\/li>\n\n\n\n<li class=\"has-palette-color-8-color has-text-color has-link-color wp-elements-7ddffe495ced973f9e8390f84d59a467\">Vera Fonseca<\/li>\n<\/ul>\n<\/div>\n<\/div>\n<\/div>\n<\/div>\n\n\n\n<p><\/p>\n","protected":false},"excerpt":{"rendered":"<p>Porqu\u00ea Eos? A escolha do nome Eos, inspirado na deusa grega da madrugada e do renascimento di\u00e1rio da luz, reflete simbolicamente a nossa \u00e1rea de interven\u00e7\u00e3o: estudos, coopera\u00e7\u00e3o e desenvolvimento. 1. Estudos &#8211; O Despertar da Mente Eos simboliza o in\u00edcio de um novo dia, um momento de despertar. Assim, associamos este conceito ao estudo, [&hellip;]<\/p>\n","protected":false},"author":1,"featured_media":0,"parent":0,"menu_order":0,"comment_status":"closed","ping_status":"open","template":"","meta":{"slim_seo":{"title":"EOS","description":"Porqu\u00ea Eos? A escolha do nome Eos , inspirado na deusa grega da madrugada e do renascimento di\u00e1rio da luz, reflete simbolicamente a nossa \u00e1rea de interven\u00e7\u00e3o: e"},"footnotes":""},"class_list":["post-2","page","type-page","status-publish","hentry"],"blocksy_meta":{"has_hero_section":"disabled","page_structure_type":"default","content_style_source":"custom","vertical_spacing_source":"custom","content_area_spacing":"none","disable_featured_image":"yes","disable_share_box":"yes","styles_descriptor":{"styles":{"desktop":"[data-prefix=\"single_page\"] [class*=\"ct-container\"] > article[class*=\"post\"] {--has-boxed:var(--false);--has-wide:var(--true);}","tablet":"","mobile":""},"google_fonts":[],"version":6}},"_links":{"self":[{"href":"https:\/\/eos-associa.pt\/index.php\/wp-json\/wp\/v2\/pages\/2","targetHints":{"allow":["GET"]}}],"collection":[{"href":"https:\/\/eos-associa.pt\/index.php\/wp-json\/wp\/v2\/pages"}],"about":[{"href":"https:\/\/eos-associa.pt\/index.php\/wp-json\/wp\/v2\/types\/page"}],"author":[{"embeddable":true,"href":"https:\/\/eos-associa.pt\/index.php\/wp-json\/wp\/v2\/users\/1"}],"replies":[{"embeddable":true,"href":"https:\/\/eos-associa.pt\/index.php\/wp-json\/wp\/v2\/comments?post=2"}],"version-history":[{"count":40,"href":"https:\/\/eos-associa.pt\/index.php\/wp-json\/wp\/v2\/pages\/2\/revisions"}],"predecessor-version":[{"id":202,"href":"https:\/\/eos-associa.pt\/index.php\/wp-json\/wp\/v2\/pages\/2\/revisions\/202"}],"wp:attachment":[{"href":"https:\/\/eos-associa.pt\/index.php\/wp-json\/wp\/v2\/media?parent=2"}],"curies":[{"name":"wp","href":"https:\/\/api.w.org\/{rel}","templated":true}]}}