{"id":146,"date":"2026-03-01T15:24:03","date_gmt":"2026-03-01T15:24:03","guid":{"rendered":"https:\/\/eos-associa.pt\/?page_id=146"},"modified":"2026-03-01T16:05:04","modified_gmt":"2026-03-01T16:05:04","slug":"onlyfans-nova-face-exploracao-sexual-mulheres","status":"publish","type":"page","link":"https:\/\/eos-associa.pt\/index.php\/onlyfans-nova-face-exploracao-sexual-mulheres\/","title":{"rendered":"OnlyFans e a nova face da explora\u00e7\u00e3o sexual das mulheres"},"content":{"rendered":"<figure class=\"wp-block-post-featured-image\"><img loading=\"lazy\" decoding=\"async\" width=\"1200\" height=\"800\" src=\"https:\/\/eos-associa.pt\/wp-content\/uploads\/2026\/03\/Projeto-eos-OnlyFans-1200x800-1.webp\" class=\"attachment-post-thumbnail size-post-thumbnail wp-post-image\" alt=\"Projeto EOS OnlyFans\" style=\"border-top-left-radius:0.25em;border-top-right-radius:0.25em;border-bottom-left-radius:0.25em;border-bottom-right-radius:0.25em;object-fit:cover;\" srcset=\"https:\/\/eos-associa.pt\/wp-content\/uploads\/2026\/03\/Projeto-eos-OnlyFans-1200x800-1.webp 1200w, https:\/\/eos-associa.pt\/wp-content\/uploads\/2026\/03\/Projeto-eos-OnlyFans-1200x800-1-300x200.webp 300w, https:\/\/eos-associa.pt\/wp-content\/uploads\/2026\/03\/Projeto-eos-OnlyFans-1200x800-1-1024x683.webp 1024w, https:\/\/eos-associa.pt\/wp-content\/uploads\/2026\/03\/Projeto-eos-OnlyFans-1200x800-1-768x512.webp 768w, https:\/\/eos-associa.pt\/wp-content\/uploads\/2026\/03\/Projeto-eos-OnlyFans-1200x800-1-24x16.webp 24w\" sizes=\"auto, (max-width: 1200px) 100vw, 1200px\" \/><\/figure>\n\n\n<p class=\"has-medium-font-size\">A EOS \u2013 Associa\u00e7\u00e3o de Estudos, Coopera\u00e7\u00e3o e Desenvolvimento est\u00e1 a desenvolver o projeto <strong>\u201cOnlyFans e a nova face da explora\u00e7\u00e3o sexual das mulheres\u201d<\/strong> que visa conscientizar para as novas formas de viol\u00eancia e explora\u00e7\u00e3o sexual online, atrav\u00e9s da an\u00e1lise cr\u00edtica feminista sobre a objetifica\u00e7\u00e3o e a comodifica\u00e7\u00e3o das mulheres. <\/p>\n\n\n\n<p>Perspetiva-se ser um contributo para desvendar as rela\u00e7\u00f5es entre uma sociedade capitalista centrada no indiv\u00edduo e na monetiza\u00e7\u00e3o de todas as dimens\u00f5es humanas (e ambientais) e a explora\u00e7\u00e3o sexual e econ\u00f3mica das mulheres, tendo presente a desregulamenta\u00e7\u00e3o das grandes plataformas online e o debate em torno do Regulamento dos Servi\u00e7os Digitais e da Diretiva Europeia relativa ao combate \u00e0 viol\u00eancia contra as mulheres.<\/p>\n\n\n\n<p>Nos \u00faltimos anos, plataformas de monetiza\u00e7\u00e3o de conte\u00fados \u00edntimos, nomeadamente o OnlyFans, ganharam grande visibilidade social. Frequentemente apresentadas como oportunidades de autonomia econ\u00f3mica, estas plataformas levantam, por\u00e9m, quest\u00f5es cr\u00edticas relacionadas com ass\u00e9dio, press\u00e3o econ\u00f3mica, controlo por terceiros e exposi\u00e7\u00e3o \u00e0 viol\u00eancia sexual online, sobretudo entre jovens mulheres.<\/p>\n\n\n\n<p>O projeto parte de uma an\u00e1lise cr\u00edtica feminista e insere-se no quadro mais amplo da viol\u00eancia contra as mulheres, incluindo pornografia, prostitui\u00e7\u00e3o e tr\u00e1fico para explora\u00e7\u00e3o sexual<\/p>\n\n\n\n<h2 class=\"wp-block-heading\">Objetivos<\/h2>\n\n\n\n<p>A iniciativa tem quatro objetivos centrais:<\/p>\n\n\n\n<ul class=\"wp-block-list\">\n<li>Conscientizar para novas formas de viol\u00eancia e explora\u00e7\u00e3o sexual online;<\/li>\n\n\n\n<li>Fomentar an\u00e1lise cr\u00edtica feminista sobre a objetifica\u00e7\u00e3o e comodifica\u00e7\u00e3o do corpo das mulheres;<\/li>\n\n\n\n<li>Desvendar as rela\u00e7\u00f5es entre uma sociedade capitalista centrada no indiv\u00edduo e na monetiza\u00e7\u00e3o de todas as dimens\u00f5es humanas (e ambientais) e a explora\u00e7\u00e3o sexual e econ\u00f3mica das mulheres;<\/li>\n\n\n\n<li>Enquadrar o Only Fans no debate mais alargado da (des)regulamenta\u00e7\u00e3o das grandes plataformas online.<\/li>\n<\/ul>\n\n\n\n<h2 class=\"wp-block-heading\">Dura\u00e7\u00e3o, p\u00fablico e \u00e2mbito<\/h2>\n\n\n\n<p>O projeto decorre entre <strong>dezembro<\/strong><strong> de 2025 e <\/strong><strong>dezembro<\/strong><strong> de 2026<\/strong> e dirige-se especialmente a:<\/p>\n\n\n\n<ul class=\"wp-block-list\">\n<li>jovens (em particular estudantes do ensino superior);<\/li>\n\n\n\n<li>associa\u00e7\u00f5es de mulheres;<\/li>\n\n\n\n<li>decisoras e decisores de pol\u00edtica.<\/li>\n<\/ul>\n\n\n\n<p>Tem um \u00e2mbito local (Lisboa), nacional e europeu, contribuindo para o debate sobre a regulamenta\u00e7\u00e3o das plataformas digitais e o combate \u00e0 viol\u00eancia contra as mulheres e as raparigas.<\/p>\n\n\n\n<h2 class=\"wp-block-heading\">Parcerias<\/h2>\n\n\n\n<p>O projeto \u00e9 desenvolvido em parceria com:<\/p>\n\n\n\n<ul class=\"wp-block-list\">\n<li><a href=\"https:\/\/plataformamulheres.org.pt\/\" target=\"_blank\" rel=\"noopener\" title=\"\">Plataforma Portuguesa para os Direitos das Mulheres<\/a> \u2013 apoio t\u00e9cnico, elabora\u00e7\u00e3o de recomenda\u00e7\u00f5es pol\u00edticas e dinamiza\u00e7\u00e3o de atividades.<\/li>\n\n\n\n<li><a href=\"https:\/\/linktr.ee\/femfdup\" target=\"_blank\" rel=\"noopener\" title=\"\">Coletivo Feminista da Faculdade de Direito da Universidade do Porto<\/a> \u2013 mobiliza\u00e7\u00e3o de estudantes e contributo jur\u00eddico.<\/li>\n<\/ul>\n\n\n\n<p>A articula\u00e7\u00e3o com organiza\u00e7\u00f5es feministas e comunidade acad\u00e9mica garante simultaneamente rigor cient\u00edfico, participa\u00e7\u00e3o jovem e impacto pol\u00edtico.<\/p>\n\n\n\n<h2 class=\"wp-block-heading\">Financiamento<\/h2>\n\n\n\n<p>O projeto \u00e9 apoiado no \u00e2mbito do apoio t\u00e9cnico e financeiro \u00e0s organiza\u00e7\u00f5es n\u00e3o-governamentais de mulheres, previsto na legisla\u00e7\u00e3o portuguesa aplic\u00e1vel \u00e0s associa\u00e7\u00f5es de mulheres, atribu\u00eddo pela Comiss\u00e3o para a Cidadania e a Igualdade de G\u00e9nero.<\/p>\n\n\n\n<h2 class=\"wp-block-heading\">Principais atividades<\/h2>\n\n\n\n<p>O projeto estrutura-se em quatro \u00e1reas principais:<\/p>\n\n\n\n<h3 class=\"wp-block-heading\"><strong>Investiga\u00e7\u00e3o e produ\u00e7\u00e3o de conhecimento<\/strong><\/h3>\n\n\n\n<p>Publica\u00e7\u00e3o da disserta\u00e7\u00e3o de mestrado de Mariana Branco, intitulada provisoriamente &#8220;Dos filmes pornogr\u00e1ficos ao OnlyFans: Uma an\u00e1lise da Ind\u00fastria do Sexo em Portugal&#8221; (NOVA FCSH &#8211; Mestrado em Estudos sobre as mulheres. As mulheres na Sociedade e na Cultura), tanto em formato impresso quanto online; e produ\u00e7\u00e3o de tr\u00eas folhas informativas acess\u00edveis ao p\u00fablico.<\/p>\n\n\n\n<h3 class=\"wp-block-heading\"><strong>A\u00e7\u00f5es de conscientiza\u00e7\u00e3o<\/strong>&nbsp;<\/h3>\n\n\n\n<p>Realiza\u00e7\u00e3o de cinco a\u00e7\u00f5es dirigidas a estudantes universit\u00e1rias\/os, promovendo a reflex\u00e3o cr\u00edtica sobre as din\u00e2micas de plataformas digitais como o OnlyFans, a sua rela\u00e7\u00e3o com o continuum da viol\u00eancia masculina contra mulheres e raparigas, e a sociedade capitalista do consumo.<\/p>\n\n\n\n<h3 class=\"wp-block-heading\"><strong>Campanha digital<\/strong> <strong>sobre a explora\u00e7\u00e3o sexual das raparigas e das mulheres atrav\u00e9s da plataforma <\/strong><strong>OnlyFans<\/strong><\/h3>\n\n\n\n<p>Campanha p\u00fablica com conte\u00fados informativos e multim\u00e9dia acerca da explora\u00e7\u00e3o sexual de mulheres e raparigas facilitada pela plataforma OnlyFans e outras din\u00e2micas digitais similares. Focada nos impactos, riscos e consequ\u00eancias dessa realidade, a campanha utilizar\u00e1 os recursos gerados pelo projeto, bem como as contribui\u00e7\u00f5es mais significativas ao longo da sua execu\u00e7\u00e3o.<\/p>\n\n\n\n<h3 class=\"wp-block-heading\"><strong>Evento final e recomenda\u00e7\u00f5es<\/strong><\/h3>\n\n\n\n<p>Organiza\u00e7\u00e3o de um evento p\u00fablico enquanto&nbsp;espa\u00e7o de debate, partilha de aprendizagens e apresenta\u00e7\u00e3o de recomenda\u00e7\u00f5es para pol\u00edticas p\u00fablicas, reunindo partes interessadas chave, incluindo representantes da sociedade civil, decisoras e decisores de pol\u00edtica, jovens e estudantes, organiza\u00e7\u00f5es e coletivos feministas.<\/p>\n\n\n\n<h2 class=\"wp-block-heading\">Enquadramento europeu<\/h2>\n\n\n\n<p>O projeto acompanha o debate europeu sobre a responsabilidade das plataformas digitais, nomeadamente atrav\u00e9s da implementa\u00e7\u00e3o:<\/p>\n\n\n\n<ul class=\"wp-block-list\">\n<li>do <a href=\"https:\/\/eur-lex.europa.eu\/legal-content\/PT\/TXT\/?toc=OJ%3AL%3A2022%3A277%3ATOC&amp;uri=uriserv%3AOJ.L_.2022.277.01.0001.01.POR\"><u>Regulamento<\/u><u> (UE)<\/u><u>2022\/2065 sobre <\/u><u>os Servi\u00e7os Digitais da Uni\u00e3o Europeia<\/u><\/a><strong>;<\/strong><\/li>\n\n\n\n<li>da <a href=\"https:\/\/eur-lex.europa.eu\/legal-content\/PT\/ALL\/?uri=CELEX:32024L1385\"><u>Diretiva (UE) 2024\/1385 relativa ao combate \u00e0 viol\u00eancia contra as mulheres e \u00e0 viol\u00eancia dom\u00e9stica<\/u><\/a>.<\/li>\n<\/ul>\n\n\n\n<p>Pretende contribuir para respostas institucionais mais eficazes na preven\u00e7\u00e3o da ciberviol\u00eancia sexual.<\/p>\n\n\n\n<h2 class=\"wp-block-heading\">Resultados esperados<\/h2>\n\n\n\n<p>Principais resultados esperados:<\/p>\n\n\n\n<ul class=\"wp-block-list\">\n<li>maior consciencializa\u00e7\u00e3o social sobre viol\u00eancia sexual online;<\/li>\n\n\n\n<li>jovens mais informadas\/os sobre riscos do espa\u00e7o digital;<\/li>\n\n\n\n<li>produ\u00e7\u00e3o de conhecimento cr\u00edtico feminista;<\/li>\n\n\n\n<li>contributo para pol\u00edticas&nbsp;p\u00fablicas.<\/li>\n<\/ul>\n\n\n\n<section class=\"wp-block-group alignfull has-background is-layout-constrained wp-block-group-is-layout-constrained\" style=\"background-color:#d4cee5\">\n<div class=\"gbp-section gb-element-46568b2d\">\n<div class=\"gbp-section__inner\">\n<div class=\"gb-element-33b10408\">\n<h2 class=\"gb-text gbp-section__headline\">Not\u00edcias<\/h2>\n<\/div>\n<\/div>\n\n\n\n<div class=\"gbp-section__inner gb-element-30b726af\">\n<div><ul class=\"gbp-list--unstyled gb-looper-240e2b28\">\n<li class=\"gb-loop-item post-162 post type-post status-publish format-standard has-post-thumbnail hentry category-onlyfans category-projetos\">\n<article class=\"gb-element-4887219d\">\n<div class=\"gb-element-558684da\">\n<h2 class=\"gb-text gbp-card__title gb-text-ca8891c2\"><a href=\"https:\/\/eos-associa.pt\/index.php\/2026\/03\/01\/arranque-projeto-onlyfans-nova-face-exploracao-sexual-mulheres\/\">Arranque do projeto \u201cOnlyFans e a nova face da explora\u00e7\u00e3o sexual das mulheres\u201d<\/a><\/h2>\n<\/div>\n\n\n\n<img loading=\"lazy\" decoding=\"async\" width=\"150\" height=\"150\" alt=\"Artigo arranque projeto OnlyFans\" data-media-id=\"163\" class=\"gb-media-98cd3ca4\" src=\"https:\/\/eos-associa.pt\/wp-content\/uploads\/2026\/03\/Artigo-arranque-projeto-OnlyFans-1200x800-1-150x150.webp\"\/>\n<\/article>\n<\/li>\n<\/ul><\/div>\n<\/div>\n<\/div>\n<\/section>\n\n\n\n<p><\/p>\n","protected":false},"excerpt":{"rendered":"<p>A EOS \u2013 Associa\u00e7\u00e3o de Estudos, Coopera\u00e7\u00e3o e Desenvolvimento est\u00e1 a desenvolver o projeto \u201cOnlyFans e a nova face da explora\u00e7\u00e3o sexual das mulheres\u201d que visa conscientizar para as novas formas de viol\u00eancia e explora\u00e7\u00e3o sexual online, atrav\u00e9s da an\u00e1lise cr\u00edtica feminista sobre a objetifica\u00e7\u00e3o e a comodifica\u00e7\u00e3o das mulheres. Perspetiva-se ser um contributo para [&hellip;]<\/p>\n","protected":false},"author":2,"featured_media":148,"parent":0,"menu_order":0,"comment_status":"closed","ping_status":"closed","template":"","meta":{"slim_seo":{"title":"OnlyFans e a nova face da explora\u00e7\u00e3o sexual das mulheres - EOS","description":"A EOS \u2013 Associa\u00e7\u00e3o de Estudos, Coopera\u00e7\u00e3o e Desenvolvimento est\u00e1 a desenvolver o projeto \u201cOnlyFans e a nova face da explora\u00e7\u00e3o sexual das mulheres\u201d que visa con"},"footnotes":""},"class_list":["post-146","page","type-page","status-publish","has-post-thumbnail","hentry"],"blocksy_meta":{"page_structure_type":"type-3","styles_descriptor":{"styles":{"desktop":"","tablet":"","mobile":""},"google_fonts":[],"version":6}},"_links":{"self":[{"href":"https:\/\/eos-associa.pt\/index.php\/wp-json\/wp\/v2\/pages\/146","targetHints":{"allow":["GET"]}}],"collection":[{"href":"https:\/\/eos-associa.pt\/index.php\/wp-json\/wp\/v2\/pages"}],"about":[{"href":"https:\/\/eos-associa.pt\/index.php\/wp-json\/wp\/v2\/types\/page"}],"author":[{"embeddable":true,"href":"https:\/\/eos-associa.pt\/index.php\/wp-json\/wp\/v2\/users\/2"}],"replies":[{"embeddable":true,"href":"https:\/\/eos-associa.pt\/index.php\/wp-json\/wp\/v2\/comments?post=146"}],"version-history":[{"count":10,"href":"https:\/\/eos-associa.pt\/index.php\/wp-json\/wp\/v2\/pages\/146\/revisions"}],"predecessor-version":[{"id":179,"href":"https:\/\/eos-associa.pt\/index.php\/wp-json\/wp\/v2\/pages\/146\/revisions\/179"}],"wp:featuredmedia":[{"embeddable":true,"href":"https:\/\/eos-associa.pt\/index.php\/wp-json\/wp\/v2\/media\/148"}],"wp:attachment":[{"href":"https:\/\/eos-associa.pt\/index.php\/wp-json\/wp\/v2\/media?parent=146"}],"curies":[{"name":"wp","href":"https:\/\/api.w.org\/{rel}","templated":true}]}}